{"id":49,"date":"2024-09-21T09:46:49","date_gmt":"2024-09-21T09:46:49","guid":{"rendered":"https:\/\/maxpaa.com\/?page_id=49"},"modified":"2024-09-30T02:46:41","modified_gmt":"2024-09-30T02:46:41","slug":"about-us","status":"publish","type":"page","link":"https:\/\/maxpaa.com\/?page_id=49","title":{"rendered":"About Us"},"content":{"rendered":"\n<p>&nbsp;MAXPAA V\u1edbi ni\u1ec1m \u0111am m\u00ea m\u00e3nh li\u1ec7t v\u00e0 h\u00e0ng th\u1eadp k\u1ef7 kinh nghi\u1ec7m qu\u00fd b\u00e1u trong ng\u00e0nh c\u00f4ng nghi\u1ec7p game, \u0111\u00e3 tr\u1edf th\u00e0nh m\u1ed9t trong nh\u1eefng c\u00f4ng ty thi\u1ebft k\u1ebf s\u1ea3n xu\u1ea5t v\u00e0 gia c\u00f4ng Game cao c\u1ea5p ph\u00e1t tri\u1ec3n nhanh nh\u1ea5t.<\/p>\n\n\n\n<p>Kh\u00e1ch h\u00e0ng c\u1ee7a ch\u00fang t\u00f4i y\u00eau th\u00edch c\u00e1c s\u1ea3n ph\u1ea9m ch\u1ea5t l\u01b0\u1ee3ng t\u1ec9 m\u1ec9 v\u00e0 c\u00e1c d\u1ecbch v\u1ee5 t\u1ed1i \u01b0u m\u00e0 ch\u00fang t\u00f4i cung c\u1ea5p.<\/p>\n\n\n\n<p>Nu\u00f4i d\u01b0\u1ee1ng cam k\u1ebft m\u1ea1nh m\u1ebd \u0111\u1ed1i v\u1edbi c\u00f4ng vi\u1ec7c v\u1edbi s\u1ef1 t\u00f4n tr\u1ecdng s\u00e2u s\u1eafc \u0111\u1ed1i v\u1edbi t\u1ea5t c\u1ea3 kh\u00e1ch h\u00e0ng tr\u00ean to\u00e0n th\u1ebf gi\u1edbi. \u01af\u1edbc m\u01a1 c\u1ee7a ch\u00fang t\u00f4i l\u00e0 tr\u1edf th\u00e0nh nh\u00e0 ph\u00e1t h\u00e0nh \u0111\u01b0\u1ee3c s\u0103n \u0111\u00f3n nh\u1ea5t, t\u1ea1o ra c\u00e1c tr\u00f2 ch\u01a1i \u1ea5n t\u01b0\u1ee3ng \u0111\u1eb3ng c\u1ea5p th\u1ebf gi\u1edbi.<\/p>\n\n\n\n<p><\/p>\n","protected":false},"excerpt":{"rendered":"<p>&nbsp;MAXPAA V\u1edbi ni\u1ec1m \u0111am m\u00ea m\u00e3nh li\u1ec7t v\u00e0 h\u00e0ng th\u1eadp k\u1ef7 kinh nghi\u1ec7m qu\u00fd b\u00e1u trong ng\u00e0nh c\u00f4ng nghi\u1ec7p game, \u0111\u00e3 tr\u1edf th\u00e0nh m\u1ed9t trong nh\u1eefng c\u00f4ng ty thi\u1ebft k\u1ebf s\u1ea3n xu\u1ea5t v\u00e0 gia c\u00f4ng Game cao c\u1ea5p ph\u00e1t tri\u1ec3n nhanh nh\u1ea5t. Kh\u00e1ch h\u00e0ng c\u1ee7a ch\u00fang t\u00f4i y\u00eau th\u00edch c\u00e1c s\u1ea3n ph\u1ea9m ch\u1ea5t l\u01b0\u1ee3ng t\u1ec9 [&hellip;]<\/p>\n","protected":false},"author":1,"featured_media":0,"parent":0,"menu_order":0,"comment_status":"closed","ping_status":"closed","template":"","meta":{"footnotes":""},"class_list":["post-49","page","type-page","status-publish","hentry"],"_links":{"self":[{"href":"https:\/\/maxpaa.com\/index.php?rest_route=\/wp\/v2\/pages\/49","targetHints":{"allow":["GET"]}}],"collection":[{"href":"https:\/\/maxpaa.com\/index.php?rest_route=\/wp\/v2\/pages"}],"about":[{"href":"https:\/\/maxpaa.com\/index.php?rest_route=\/wp\/v2\/types\/page"}],"author":[{"embeddable":true,"href":"https:\/\/maxpaa.com\/index.php?rest_route=\/wp\/v2\/users\/1"}],"replies":[{"embeddable":true,"href":"https:\/\/maxpaa.com\/index.php?rest_route=%2Fwp%2Fv2%2Fcomments&post=49"}],"version-history":[{"count":5,"href":"https:\/\/maxpaa.com\/index.php?rest_route=\/wp\/v2\/pages\/49\/revisions"}],"predecessor-version":[{"id":127,"href":"https:\/\/maxpaa.com\/index.php?rest_route=\/wp\/v2\/pages\/49\/revisions\/127"}],"wp:attachment":[{"href":"https:\/\/maxpaa.com\/index.php?rest_route=%2Fwp%2Fv2%2Fmedia&parent=49"}],"curies":[{"name":"wp","href":"https:\/\/api.w.org\/{rel}","templated":true}]}}